{"id":999,"date":"2021-05-05T18:02:46","date_gmt":"2021-05-05T18:02:46","guid":{"rendered":"https:\/\/www.genclikcopy.com\/?page_id=999"},"modified":"2021-05-05T18:02:46","modified_gmt":"2021-05-05T18:02:46","slug":"architectural-drawings-print","status":"publish","type":"page","link":"https:\/\/www.genclikcopy.com\/?page_id=999","title":{"rendered":"ARCHITECTURAL DRAWINGS PRINT"},"content":{"rendered":"<pre id=\"tw-target-text\" class=\"tw-data-text tw-text-large XcVN5d tw-ta\" dir=\"ltr\" data-placeholder=\"\u00c7eviri\"><span class=\"Y2IQFc\" lang=\"en\">FOR ALL FACULTY OF ARCHITECTURE STUDENTS YOUR FILES OF AUTOCAD COLOR - BLACK AND WHITE \r\nYOU CAN  PRINTS FILES IN OUR COMPANY \r\n<img loading=\"lazy\" decoding=\"async\" class=\"alignnone size-medium wp-image-1000\" src=\"https:\/\/www.genclikcopy.com\/wp-content\/uploads\/2021\/05\/AUTOCAD-2014-CIKTI-2-300x169.jpg\" alt=\"\" width=\"300\" height=\"169\" srcset=\"https:\/\/www.genclikcopy.com\/wp-content\/uploads\/2021\/05\/AUTOCAD-2014-CIKTI-2-300x169.jpg 300w, https:\/\/www.genclikcopy.com\/wp-content\/uploads\/2021\/05\/AUTOCAD-2014-CIKTI-2-1024x576.jpg 1024w, https:\/\/www.genclikcopy.com\/wp-content\/uploads\/2021\/05\/AUTOCAD-2014-CIKTI-2-768x432.jpg 768w, https:\/\/www.genclikcopy.com\/wp-content\/uploads\/2021\/05\/AUTOCAD-2014-CIKTI-2-1536x864.jpg 1536w, https:\/\/www.genclikcopy.com\/wp-content\/uploads\/2021\/05\/AUTOCAD-2014-CIKTI-2-715x400.jpg 715w, https:\/\/www.genclikcopy.com\/wp-content\/uploads\/2021\/05\/AUTOCAD-2014-CIKTI-2.jpg 1600w\" sizes=\"auto, (max-width: 300px) 100vw, 300px\" \/>\r\n<\/span><\/pre>\n","protected":false},"excerpt":{"rendered":"<p>FOR ALL FACULTY OF ARCHITECTURE STUDENTS YOUR FILES OF AUTOCAD COLOR &#8211; BLACK AND WHITE YOU CAN PRINTS FILES IN OUR COMPANY<\/p>\n","protected":false},"author":1,"featured_media":1001,"parent":0,"menu_order":0,"comment_status":"closed","ping_status":"closed","template":"","meta":{"_joinchat":[],"footnotes":""},"class_list":["post-999","page","type-page","status-publish","has-post-thumbnail","hentry"],"yoast_head":"<!-- This site is optimized with the Yoast SEO plugin v24.9 - https:\/\/yoast.com\/wordpress\/plugins\/seo\/ -->\n<title>ARCHITECTURAL DRAWINGS PRINT - GEN\u00c7L\u0130K COPY<\/title>\n<meta name=\"robots\" content=\"index, follow, max-snippet:-1, max-image-preview:large, max-video-preview:-1\" \/>\n<link rel=\"canonical\" href=\"https:\/\/www.genclikcopy.com\/?page_id=999\" \/>\n<meta property=\"og:locale\" content=\"tr_TR\" \/>\n<meta property=\"og:type\" content=\"article\" \/>\n<meta property=\"og:title\" content=\"ARCHITECTURAL DRAWINGS PRINT - GEN\u00c7L\u0130K COPY\" \/>\n<meta property=\"og:description\" content=\"FOR ALL FACULTY OF ARCHITECTURE STUDENTS YOUR FILES OF AUTOCAD COLOR - BLACK AND WHITE YOU CAN PRINTS FILES IN OUR COMPANY\" \/>\n<meta property=\"og:url\" content=\"https:\/\/www.genclikcopy.com\/?page_id=999\" \/>\n<meta property=\"og:site_name\" content=\"GEN\u00c7L\u0130K COPY\" \/>\n<meta property=\"og:image\" content=\"https:\/\/www.genclikcopy.com\/wp-content\/uploads\/2021\/05\/AUTO-CAT-CIKTI.jpg\" \/>\n\t<meta property=\"og:image:width\" content=\"1101\" \/>\n\t<meta property=\"og:image:height\" content=\"533\" \/>\n\t<meta property=\"og:image:type\" content=\"image\/jpeg\" \/>\n<meta name=\"twitter:card\" content=\"summary_large_image\" \/>\n<script type=\"application\/ld+json\" class=\"yoast-schema-graph\">{\"@context\":\"https:\/\/schema.org\",\"@graph\":[{\"@type\":\"WebPage\",\"@id\":\"https:\/\/www.genclikcopy.com\/?page_id=999\",\"url\":\"https:\/\/www.genclikcopy.com\/?page_id=999\",\"name\":\"ARCHITECTURAL DRAWINGS PRINT - GEN\u00c7L\u0130K COPY\",\"isPartOf\":{\"@id\":\"https:\/\/www.genclikcopy.com\/#website\"},\"primaryImageOfPage\":{\"@id\":\"https:\/\/www.genclikcopy.com\/?page_id=999#primaryimage\"},\"image\":{\"@id\":\"https:\/\/www.genclikcopy.com\/?page_id=999#primaryimage\"},\"thumbnailUrl\":\"https:\/\/www.genclikcopy.com\/wp-content\/uploads\/2021\/05\/AUTO-CAT-CIKTI.jpg\",\"datePublished\":\"2021-05-05T18:02:46+00:00\",\"breadcrumb\":{\"@id\":\"https:\/\/www.genclikcopy.com\/?page_id=999#breadcrumb\"},\"inLanguage\":\"tr\",\"potentialAction\":[{\"@type\":\"ReadAction\",\"target\":[\"https:\/\/www.genclikcopy.com\/?page_id=999\"]}]},{\"@type\":\"ImageObject\",\"inLanguage\":\"tr\",\"@id\":\"https:\/\/www.genclikcopy.com\/?page_id=999#primaryimage\",\"url\":\"https:\/\/www.genclikcopy.com\/wp-content\/uploads\/2021\/05\/AUTO-CAT-CIKTI.jpg\",\"contentUrl\":\"https:\/\/www.genclikcopy.com\/wp-content\/uploads\/2021\/05\/AUTO-CAT-CIKTI.jpg\",\"width\":1101,\"height\":533},{\"@type\":\"BreadcrumbList\",\"@id\":\"https:\/\/www.genclikcopy.com\/?page_id=999#breadcrumb\",\"itemListElement\":[{\"@type\":\"ListItem\",\"position\":1,\"name\":\"Anasayfa\",\"item\":\"https:\/\/www.genclikcopy.com\/\"},{\"@type\":\"ListItem\",\"position\":2,\"name\":\"ARCHITECTURAL DRAWINGS PRINT\"}]},{\"@type\":\"WebSite\",\"@id\":\"https:\/\/www.genclikcopy.com\/#website\",\"url\":\"https:\/\/www.genclikcopy.com\/\",\"name\":\"GEN\u00c7L\u0130K COPY\",\"description\":\"FOTOKOP\u0130 - OZAL\u0130T-LAZER KES\u0130M-KA\u015eE-RENKL\u0130 FOTOKOP\u0130-POSTER BASKI\",\"publisher\":{\"@id\":\"https:\/\/www.genclikcopy.com\/#organization\"},\"potentialAction\":[{\"@type\":\"SearchAction\",\"target\":{\"@type\":\"EntryPoint\",\"urlTemplate\":\"https:\/\/www.genclikcopy.com\/?s={search_term_string}\"},\"query-input\":{\"@type\":\"PropertyValueSpecification\",\"valueRequired\":true,\"valueName\":\"search_term_string\"}}],\"inLanguage\":\"tr\"},{\"@type\":\"Organization\",\"@id\":\"https:\/\/www.genclikcopy.com\/#organization\",\"name\":\"GENCL\u0130KCOPY KOPYALAMA S\u0130STEMLER\u0130\",\"url\":\"https:\/\/www.genclikcopy.com\/\",\"logo\":{\"@type\":\"ImageObject\",\"inLanguage\":\"tr\",\"@id\":\"https:\/\/www.genclikcopy.com\/#\/schema\/logo\/image\/\",\"url\":\"https:\/\/www.genclikcopy.com\/wp-content\/uploads\/2021\/02\/23.jpg\",\"contentUrl\":\"https:\/\/www.genclikcopy.com\/wp-content\/uploads\/2021\/02\/23.jpg\",\"width\":154,\"height\":153,\"caption\":\"GENCL\u0130KCOPY KOPYALAMA S\u0130STEMLER\u0130\"},\"image\":{\"@id\":\"https:\/\/www.genclikcopy.com\/#\/schema\/logo\/image\/\"}}]}<\/script>\n<!-- \/ Yoast SEO plugin. -->","yoast_head_json":{"title":"ARCHITECTURAL DRAWINGS PRINT - GEN\u00c7L\u0130K COPY","robots":{"index":"index","follow":"follow","max-snippet":"max-snippet:-1","max-image-preview":"max-image-preview:large","max-video-preview":"max-video-preview:-1"},"canonical":"https:\/\/www.genclikcopy.com\/?page_id=999","og_locale":"tr_TR","og_type":"article","og_title":"ARCHITECTURAL DRAWINGS PRINT - GEN\u00c7L\u0130K COPY","og_description":"FOR ALL FACULTY OF ARCHITECTURE STUDENTS YOUR FILES OF AUTOCAD COLOR - BLACK AND WHITE YOU CAN PRINTS FILES IN OUR COMPANY","og_url":"https:\/\/www.genclikcopy.com\/?page_id=999","og_site_name":"GEN\u00c7L\u0130K COPY","og_image":[{"width":1101,"height":533,"url":"https:\/\/www.genclikcopy.com\/wp-content\/uploads\/2021\/05\/AUTO-CAT-CIKTI.jpg","type":"image\/jpeg"}],"twitter_card":"summary_large_image","schema":{"@context":"https:\/\/schema.org","@graph":[{"@type":"WebPage","@id":"https:\/\/www.genclikcopy.com\/?page_id=999","url":"https:\/\/www.genclikcopy.com\/?page_id=999","name":"ARCHITECTURAL DRAWINGS PRINT - GEN\u00c7L\u0130K COPY","isPartOf":{"@id":"https:\/\/www.genclikcopy.com\/#website"},"primaryImageOfPage":{"@id":"https:\/\/www.genclikcopy.com\/?page_id=999#primaryimage"},"image":{"@id":"https:\/\/www.genclikcopy.com\/?page_id=999#primaryimage"},"thumbnailUrl":"https:\/\/www.genclikcopy.com\/wp-content\/uploads\/2021\/05\/AUTO-CAT-CIKTI.jpg","datePublished":"2021-05-05T18:02:46+00:00","breadcrumb":{"@id":"https:\/\/www.genclikcopy.com\/?page_id=999#breadcrumb"},"inLanguage":"tr","potentialAction":[{"@type":"ReadAction","target":["https:\/\/www.genclikcopy.com\/?page_id=999"]}]},{"@type":"ImageObject","inLanguage":"tr","@id":"https:\/\/www.genclikcopy.com\/?page_id=999#primaryimage","url":"https:\/\/www.genclikcopy.com\/wp-content\/uploads\/2021\/05\/AUTO-CAT-CIKTI.jpg","contentUrl":"https:\/\/www.genclikcopy.com\/wp-content\/uploads\/2021\/05\/AUTO-CAT-CIKTI.jpg","width":1101,"height":533},{"@type":"BreadcrumbList","@id":"https:\/\/www.genclikcopy.com\/?page_id=999#breadcrumb","itemListElement":[{"@type":"ListItem","position":1,"name":"Anasayfa","item":"https:\/\/www.genclikcopy.com\/"},{"@type":"ListItem","position":2,"name":"ARCHITECTURAL DRAWINGS PRINT"}]},{"@type":"WebSite","@id":"https:\/\/www.genclikcopy.com\/#website","url":"https:\/\/www.genclikcopy.com\/","name":"GEN\u00c7L\u0130K COPY","description":"FOTOKOP\u0130 - OZAL\u0130T-LAZER KES\u0130M-KA\u015eE-RENKL\u0130 FOTOKOP\u0130-POSTER BASKI","publisher":{"@id":"https:\/\/www.genclikcopy.com\/#organization"},"potentialAction":[{"@type":"SearchAction","target":{"@type":"EntryPoint","urlTemplate":"https:\/\/www.genclikcopy.com\/?s={search_term_string}"},"query-input":{"@type":"PropertyValueSpecification","valueRequired":true,"valueName":"search_term_string"}}],"inLanguage":"tr"},{"@type":"Organization","@id":"https:\/\/www.genclikcopy.com\/#organization","name":"GENCL\u0130KCOPY KOPYALAMA S\u0130STEMLER\u0130","url":"https:\/\/www.genclikcopy.com\/","logo":{"@type":"ImageObject","inLanguage":"tr","@id":"https:\/\/www.genclikcopy.com\/#\/schema\/logo\/image\/","url":"https:\/\/www.genclikcopy.com\/wp-content\/uploads\/2021\/02\/23.jpg","contentUrl":"https:\/\/www.genclikcopy.com\/wp-content\/uploads\/2021\/02\/23.jpg","width":154,"height":153,"caption":"GENCL\u0130KCOPY KOPYALAMA S\u0130STEMLER\u0130"},"image":{"@id":"https:\/\/www.genclikcopy.com\/#\/schema\/logo\/image\/"}}]}},"_links":{"self":[{"href":"https:\/\/www.genclikcopy.com\/index.php?rest_route=\/wp\/v2\/pages\/999","targetHints":{"allow":["GET"]}}],"collection":[{"href":"https:\/\/www.genclikcopy.com\/index.php?rest_route=\/wp\/v2\/pages"}],"about":[{"href":"https:\/\/www.genclikcopy.com\/index.php?rest_route=\/wp\/v2\/types\/page"}],"author":[{"embeddable":true,"href":"https:\/\/www.genclikcopy.com\/index.php?rest_route=\/wp\/v2\/users\/1"}],"replies":[{"embeddable":true,"href":"https:\/\/www.genclikcopy.com\/index.php?rest_route=%2Fwp%2Fv2%2Fcomments&post=999"}],"version-history":[{"count":1,"href":"https:\/\/www.genclikcopy.com\/index.php?rest_route=\/wp\/v2\/pages\/999\/revisions"}],"predecessor-version":[{"id":1003,"href":"https:\/\/www.genclikcopy.com\/index.php?rest_route=\/wp\/v2\/pages\/999\/revisions\/1003"}],"wp:featuredmedia":[{"embeddable":true,"href":"https:\/\/www.genclikcopy.com\/index.php?rest_route=\/wp\/v2\/media\/1001"}],"wp:attachment":[{"href":"https:\/\/www.genclikcopy.com\/index.php?rest_route=%2Fwp%2Fv2%2Fmedia&parent=999"}],"curies":[{"name":"wp","href":"https:\/\/api.w.org\/{rel}","templated":true}]}}