{"id":850,"date":"2021-04-24T17:07:52","date_gmt":"2021-04-24T17:07:52","guid":{"rendered":"https:\/\/www.genclikcopy.com\/?page_id=850"},"modified":"2021-04-24T17:18:19","modified_gmt":"2021-04-24T17:18:19","slug":"hakkimizda","status":"publish","type":"page","link":"https:\/\/www.genclikcopy.com\/?page_id=850","title":{"rendered":"HAKKIMIZDA"},"content":{"rendered":"<p>Gen\u00e7lik Copy ve Kopyalama Sistemleri 25 y\u0131la varan verdi\u011fi hizmet s\u00fcresi boyunca sahip oldu\u011fu bilgi ve tecr\u00fcbeyi, siz de\u011ferli m\u00fc\u015fterilerimiz ile payla\u015fman\u0131n heycan\u0131n\u0131 duyar.<\/p>\n<p>Kuruldu\u011fu g\u00fcnden itibaren kopyalama sistemleri ve ozalit plan \u2013 kopya konusunda hizmet veren uzman kadroya sahip olan \u015firketimiz siyah\/beyaz ve renkli fotokopi, ozalit, plotter bask\u0131, her \u00e7e\u015fit ciltleme, pvc ve laminasyon kaplama i\u015finde faaliyet g\u00f6stermektedir. Firmam\u0131z orta \u00f6l\u00e7ekli bir i\u015fletme olmas\u0131na ra\u011fmen kuruldu\u011fu ilk andan itibaren kaliteye verdi\u011fi \u00f6nem ve zoru ba\u015farma azmi sayesinde k\u0131sa s\u00fcrede kopyalama sekt\u00f6r\u00fcnde tan\u0131nm\u0131\u015f ve bu ilkelerden asla vazge\u00e7memi\u015ftir. Firmam\u0131z\u0131n de\u011fi\u015fmeyen prensipleri daima kalite, hizmet, zaman\u0131nda teslim ve uygun fiyat Politikam\u0131z olmu\u015ftur. Ba\u015far\u0131 ve s\u00fcreklili\u011fin teminat\u0131 hizmette d\u00fcr\u00fcstl\u00fck ve kalitedir prensibiyle \u00e7al\u0131\u015fan Genclikcopy\u00a0 ve kopyalama sistemleri, g\u00f6sterdi\u011finiz yak\u0131n ilgi ve deste\u011finizden \u00f6t\u00fcr\u00fc te\u015fekk\u00fcr ederek sizlere bug\u00fcn ve gelecekte hizmet vermeye devam edecektir.<\/p>\n<p><img loading=\"lazy\" decoding=\"async\" class=\"alignnone size-medium wp-image-568\" src=\"https:\/\/www.genclikcopy.com\/wp-content\/uploads\/2021\/02\/03-300x106.jpg\" alt=\"\" width=\"300\" height=\"106\" srcset=\"https:\/\/www.genclikcopy.com\/wp-content\/uploads\/2021\/02\/03-300x106.jpg 300w, https:\/\/www.genclikcopy.com\/wp-content\/uploads\/2021\/02\/03.jpg 638w\" sizes=\"auto, (max-width: 300px) 100vw, 300px\" \/><\/p>\n","protected":false},"excerpt":{"rendered":"<p>Gen\u00e7lik Copy ve Kopyalama Sistemleri 25 y\u0131la varan verdi\u011fi hizmet s\u00fcresi boyunca sahip oldu\u011fu bilgi ve tecr\u00fcbeyi, siz de\u011ferli m\u00fc\u015fterilerimiz ile payla\u015fman\u0131n heycan\u0131n\u0131 duyar.<\/p>\n","protected":false},"author":1,"featured_media":566,"parent":0,"menu_order":0,"comment_status":"closed","ping_status":"closed","template":"","meta":{"_joinchat":[],"footnotes":""},"class_list":["post-850","page","type-page","status-publish","has-post-thumbnail","hentry"],"yoast_head":"<!-- This site is optimized with the Yoast SEO plugin v24.9 - https:\/\/yoast.com\/wordpress\/plugins\/seo\/ -->\n<title>HAKKIMIZDA - GEN\u00c7L\u0130K COPY<\/title>\n<meta name=\"robots\" content=\"index, follow, max-snippet:-1, max-image-preview:large, max-video-preview:-1\" \/>\n<link rel=\"canonical\" href=\"https:\/\/www.genclikcopy.com\/?page_id=850\" \/>\n<meta property=\"og:locale\" content=\"tr_TR\" \/>\n<meta property=\"og:type\" content=\"article\" \/>\n<meta property=\"og:title\" content=\"HAKKIMIZDA - GEN\u00c7L\u0130K COPY\" \/>\n<meta property=\"og:description\" content=\"Gen\u00e7lik Copy ve Kopyalama Sistemleri 25 y\u0131la varan verdi\u011fi hizmet s\u00fcresi boyunca sahip oldu\u011fu bilgi ve tecr\u00fcbeyi, siz de\u011ferli m\u00fc\u015fterilerimiz ile payla\u015fman\u0131n heycan\u0131n\u0131 duyar.\" \/>\n<meta property=\"og:url\" content=\"https:\/\/www.genclikcopy.com\/?page_id=850\" \/>\n<meta property=\"og:site_name\" content=\"GEN\u00c7L\u0130K COPY\" \/>\n<meta property=\"article:modified_time\" content=\"2021-04-24T17:18:19+00:00\" \/>\n<meta property=\"og:image\" content=\"https:\/\/www.genclikcopy.com\/wp-content\/uploads\/2021\/02\/23.jpg\" \/>\n\t<meta property=\"og:image:width\" content=\"154\" \/>\n\t<meta property=\"og:image:height\" content=\"153\" \/>\n\t<meta property=\"og:image:type\" content=\"image\/jpeg\" \/>\n<meta name=\"twitter:card\" content=\"summary_large_image\" \/>\n<meta name=\"twitter:label1\" content=\"Tahmini okuma s\u00fcresi\" \/>\n\t<meta name=\"twitter:data1\" content=\"1 dakika\" \/>\n<script type=\"application\/ld+json\" class=\"yoast-schema-graph\">{\"@context\":\"https:\/\/schema.org\",\"@graph\":[{\"@type\":\"WebPage\",\"@id\":\"https:\/\/www.genclikcopy.com\/?page_id=850\",\"url\":\"https:\/\/www.genclikcopy.com\/?page_id=850\",\"name\":\"HAKKIMIZDA - GEN\u00c7L\u0130K COPY\",\"isPartOf\":{\"@id\":\"https:\/\/www.genclikcopy.com\/#website\"},\"primaryImageOfPage\":{\"@id\":\"https:\/\/www.genclikcopy.com\/?page_id=850#primaryimage\"},\"image\":{\"@id\":\"https:\/\/www.genclikcopy.com\/?page_id=850#primaryimage\"},\"thumbnailUrl\":\"https:\/\/www.genclikcopy.com\/wp-content\/uploads\/2021\/02\/23.jpg\",\"datePublished\":\"2021-04-24T17:07:52+00:00\",\"dateModified\":\"2021-04-24T17:18:19+00:00\",\"breadcrumb\":{\"@id\":\"https:\/\/www.genclikcopy.com\/?page_id=850#breadcrumb\"},\"inLanguage\":\"tr\",\"potentialAction\":[{\"@type\":\"ReadAction\",\"target\":[\"https:\/\/www.genclikcopy.com\/?page_id=850\"]}]},{\"@type\":\"ImageObject\",\"inLanguage\":\"tr\",\"@id\":\"https:\/\/www.genclikcopy.com\/?page_id=850#primaryimage\",\"url\":\"https:\/\/www.genclikcopy.com\/wp-content\/uploads\/2021\/02\/23.jpg\",\"contentUrl\":\"https:\/\/www.genclikcopy.com\/wp-content\/uploads\/2021\/02\/23.jpg\",\"width\":154,\"height\":153},{\"@type\":\"BreadcrumbList\",\"@id\":\"https:\/\/www.genclikcopy.com\/?page_id=850#breadcrumb\",\"itemListElement\":[{\"@type\":\"ListItem\",\"position\":1,\"name\":\"Anasayfa\",\"item\":\"https:\/\/www.genclikcopy.com\/\"},{\"@type\":\"ListItem\",\"position\":2,\"name\":\"HAKKIMIZDA\"}]},{\"@type\":\"WebSite\",\"@id\":\"https:\/\/www.genclikcopy.com\/#website\",\"url\":\"https:\/\/www.genclikcopy.com\/\",\"name\":\"GEN\u00c7L\u0130K COPY\",\"description\":\"FOTOKOP\u0130 - OZAL\u0130T-LAZER KES\u0130M-KA\u015eE-RENKL\u0130 FOTOKOP\u0130-POSTER BASKI\",\"publisher\":{\"@id\":\"https:\/\/www.genclikcopy.com\/#organization\"},\"potentialAction\":[{\"@type\":\"SearchAction\",\"target\":{\"@type\":\"EntryPoint\",\"urlTemplate\":\"https:\/\/www.genclikcopy.com\/?s={search_term_string}\"},\"query-input\":{\"@type\":\"PropertyValueSpecification\",\"valueRequired\":true,\"valueName\":\"search_term_string\"}}],\"inLanguage\":\"tr\"},{\"@type\":\"Organization\",\"@id\":\"https:\/\/www.genclikcopy.com\/#organization\",\"name\":\"GENCL\u0130KCOPY KOPYALAMA S\u0130STEMLER\u0130\",\"url\":\"https:\/\/www.genclikcopy.com\/\",\"logo\":{\"@type\":\"ImageObject\",\"inLanguage\":\"tr\",\"@id\":\"https:\/\/www.genclikcopy.com\/#\/schema\/logo\/image\/\",\"url\":\"https:\/\/www.genclikcopy.com\/wp-content\/uploads\/2021\/02\/23.jpg\",\"contentUrl\":\"https:\/\/www.genclikcopy.com\/wp-content\/uploads\/2021\/02\/23.jpg\",\"width\":154,\"height\":153,\"caption\":\"GENCL\u0130KCOPY KOPYALAMA S\u0130STEMLER\u0130\"},\"image\":{\"@id\":\"https:\/\/www.genclikcopy.com\/#\/schema\/logo\/image\/\"}}]}<\/script>\n<!-- \/ Yoast SEO plugin. -->","yoast_head_json":{"title":"HAKKIMIZDA - GEN\u00c7L\u0130K COPY","robots":{"index":"index","follow":"follow","max-snippet":"max-snippet:-1","max-image-preview":"max-image-preview:large","max-video-preview":"max-video-preview:-1"},"canonical":"https:\/\/www.genclikcopy.com\/?page_id=850","og_locale":"tr_TR","og_type":"article","og_title":"HAKKIMIZDA - GEN\u00c7L\u0130K COPY","og_description":"Gen\u00e7lik Copy ve Kopyalama Sistemleri 25 y\u0131la varan verdi\u011fi hizmet s\u00fcresi boyunca sahip oldu\u011fu bilgi ve tecr\u00fcbeyi, siz de\u011ferli m\u00fc\u015fterilerimiz ile payla\u015fman\u0131n heycan\u0131n\u0131 duyar.","og_url":"https:\/\/www.genclikcopy.com\/?page_id=850","og_site_name":"GEN\u00c7L\u0130K COPY","article_modified_time":"2021-04-24T17:18:19+00:00","og_image":[{"width":154,"height":153,"url":"https:\/\/www.genclikcopy.com\/wp-content\/uploads\/2021\/02\/23.jpg","type":"image\/jpeg"}],"twitter_card":"summary_large_image","twitter_misc":{"Tahmini okuma s\u00fcresi":"1 dakika"},"schema":{"@context":"https:\/\/schema.org","@graph":[{"@type":"WebPage","@id":"https:\/\/www.genclikcopy.com\/?page_id=850","url":"https:\/\/www.genclikcopy.com\/?page_id=850","name":"HAKKIMIZDA - GEN\u00c7L\u0130K COPY","isPartOf":{"@id":"https:\/\/www.genclikcopy.com\/#website"},"primaryImageOfPage":{"@id":"https:\/\/www.genclikcopy.com\/?page_id=850#primaryimage"},"image":{"@id":"https:\/\/www.genclikcopy.com\/?page_id=850#primaryimage"},"thumbnailUrl":"https:\/\/www.genclikcopy.com\/wp-content\/uploads\/2021\/02\/23.jpg","datePublished":"2021-04-24T17:07:52+00:00","dateModified":"2021-04-24T17:18:19+00:00","breadcrumb":{"@id":"https:\/\/www.genclikcopy.com\/?page_id=850#breadcrumb"},"inLanguage":"tr","potentialAction":[{"@type":"ReadAction","target":["https:\/\/www.genclikcopy.com\/?page_id=850"]}]},{"@type":"ImageObject","inLanguage":"tr","@id":"https:\/\/www.genclikcopy.com\/?page_id=850#primaryimage","url":"https:\/\/www.genclikcopy.com\/wp-content\/uploads\/2021\/02\/23.jpg","contentUrl":"https:\/\/www.genclikcopy.com\/wp-content\/uploads\/2021\/02\/23.jpg","width":154,"height":153},{"@type":"BreadcrumbList","@id":"https:\/\/www.genclikcopy.com\/?page_id=850#breadcrumb","itemListElement":[{"@type":"ListItem","position":1,"name":"Anasayfa","item":"https:\/\/www.genclikcopy.com\/"},{"@type":"ListItem","position":2,"name":"HAKKIMIZDA"}]},{"@type":"WebSite","@id":"https:\/\/www.genclikcopy.com\/#website","url":"https:\/\/www.genclikcopy.com\/","name":"GEN\u00c7L\u0130K COPY","description":"FOTOKOP\u0130 - OZAL\u0130T-LAZER KES\u0130M-KA\u015eE-RENKL\u0130 FOTOKOP\u0130-POSTER BASKI","publisher":{"@id":"https:\/\/www.genclikcopy.com\/#organization"},"potentialAction":[{"@type":"SearchAction","target":{"@type":"EntryPoint","urlTemplate":"https:\/\/www.genclikcopy.com\/?s={search_term_string}"},"query-input":{"@type":"PropertyValueSpecification","valueRequired":true,"valueName":"search_term_string"}}],"inLanguage":"tr"},{"@type":"Organization","@id":"https:\/\/www.genclikcopy.com\/#organization","name":"GENCL\u0130KCOPY KOPYALAMA S\u0130STEMLER\u0130","url":"https:\/\/www.genclikcopy.com\/","logo":{"@type":"ImageObject","inLanguage":"tr","@id":"https:\/\/www.genclikcopy.com\/#\/schema\/logo\/image\/","url":"https:\/\/www.genclikcopy.com\/wp-content\/uploads\/2021\/02\/23.jpg","contentUrl":"https:\/\/www.genclikcopy.com\/wp-content\/uploads\/2021\/02\/23.jpg","width":154,"height":153,"caption":"GENCL\u0130KCOPY KOPYALAMA S\u0130STEMLER\u0130"},"image":{"@id":"https:\/\/www.genclikcopy.com\/#\/schema\/logo\/image\/"}}]}},"_links":{"self":[{"href":"https:\/\/www.genclikcopy.com\/index.php?rest_route=\/wp\/v2\/pages\/850","targetHints":{"allow":["GET"]}}],"collection":[{"href":"https:\/\/www.genclikcopy.com\/index.php?rest_route=\/wp\/v2\/pages"}],"about":[{"href":"https:\/\/www.genclikcopy.com\/index.php?rest_route=\/wp\/v2\/types\/page"}],"author":[{"embeddable":true,"href":"https:\/\/www.genclikcopy.com\/index.php?rest_route=\/wp\/v2\/users\/1"}],"replies":[{"embeddable":true,"href":"https:\/\/www.genclikcopy.com\/index.php?rest_route=%2Fwp%2Fv2%2Fcomments&post=850"}],"version-history":[{"count":2,"href":"https:\/\/www.genclikcopy.com\/index.php?rest_route=\/wp\/v2\/pages\/850\/revisions"}],"predecessor-version":[{"id":857,"href":"https:\/\/www.genclikcopy.com\/index.php?rest_route=\/wp\/v2\/pages\/850\/revisions\/857"}],"wp:featuredmedia":[{"embeddable":true,"href":"https:\/\/www.genclikcopy.com\/index.php?rest_route=\/wp\/v2\/media\/566"}],"wp:attachment":[{"href":"https:\/\/www.genclikcopy.com\/index.php?rest_route=%2Fwp%2Fv2%2Fmedia&parent=850"}],"curies":[{"name":"wp","href":"https:\/\/api.w.org\/{rel}","templated":true}]}}