{"id":1357,"date":"2021-12-01T11:08:58","date_gmt":"2021-12-01T11:08:58","guid":{"rendered":"https:\/\/www.genclikcopy.com\/?page_id=1357"},"modified":"2021-12-01T11:23:00","modified_gmt":"2021-12-01T11:23:00","slug":"etiket-baski-ozel-kesim","status":"publish","type":"page","link":"https:\/\/www.genclikcopy.com\/?page_id=1357","title":{"rendered":"ET\u0130KET BASKI \u00d6ZEL KES\u0130M"},"content":{"rendered":"<p>F\u0130RMAMIZIN B\u00dcNYES\u0130NDE HER EBAT \u00d6ZEL KES\u0130M ET\u0130KET BASKI DO\u011eUM G\u00dcNLER\u0130 YEN\u0130 YIL\u00a0 VE ANNELER G\u00dcN\u00dc VE T\u00dcM \u00d6ZEL G\u00dcNLER \u0130\u00c7\u0130N<\/p>\n<p>YUVARLAK &#8211; KARE VB. \u0130STEN\u0130LEN \u00d6L\u00c7\u00dcDE \u00d6ZEL KES\u0130ML\u0130 ET\u0130KET BASKI YAPMAKTAYIZ<\/p>\n<p><img loading=\"lazy\" decoding=\"async\" class=\"alignnone size-medium wp-image-1359\" src=\"https:\/\/www.genclikcopy.com\/wp-content\/uploads\/2021\/12\/01-300x225.jpg\" alt=\"\" width=\"300\" height=\"225\" srcset=\"https:\/\/www.genclikcopy.com\/wp-content\/uploads\/2021\/12\/01-300x225.jpg 300w, https:\/\/www.genclikcopy.com\/wp-content\/uploads\/2021\/12\/01-1024x768.jpg 1024w, https:\/\/www.genclikcopy.com\/wp-content\/uploads\/2021\/12\/01-768x576.jpg 768w, https:\/\/www.genclikcopy.com\/wp-content\/uploads\/2021\/12\/01.jpg 1280w\" sizes=\"auto, (max-width: 300px) 100vw, 300px\" \/><img loading=\"lazy\" decoding=\"async\" class=\"alignnone size-medium wp-image-1369\" src=\"https:\/\/www.genclikcopy.com\/wp-content\/uploads\/2021\/12\/04-1-300x200.jpg\" alt=\"\" width=\"300\" height=\"200\" srcset=\"https:\/\/www.genclikcopy.com\/wp-content\/uploads\/2021\/12\/04-1-300x200.jpg 300w, https:\/\/www.genclikcopy.com\/wp-content\/uploads\/2021\/12\/04-1-768x512.jpg 768w, https:\/\/www.genclikcopy.com\/wp-content\/uploads\/2021\/12\/04-1.jpg 800w\" sizes=\"auto, (max-width: 300px) 100vw, 300px\" \/><\/p>\n<p>&nbsp;<\/p>\n","protected":false},"excerpt":{"rendered":"<p>F\u0130RMAMIZIN B\u00dcNYES\u0130NDE HER EBAT \u00d6ZEL KES\u0130M ET\u0130KET BASKI DO\u011eUM G\u00dcNLER\u0130 YEN\u0130 YIL\u00a0 VE ANNELER G\u00dcN\u00dc VE T\u00dcM \u00d6ZEL G\u00dcNLER \u0130\u00c7\u0130N YUVARLAK &#8211; KARE VB.<\/p>\n","protected":false},"author":1,"featured_media":1360,"parent":0,"menu_order":0,"comment_status":"closed","ping_status":"closed","template":"","meta":{"_joinchat":[],"footnotes":""},"class_list":["post-1357","page","type-page","status-publish","has-post-thumbnail","hentry"],"yoast_head":"<!-- This site is optimized with the Yoast SEO plugin v24.9 - https:\/\/yoast.com\/wordpress\/plugins\/seo\/ -->\n<title>ET\u0130KET BASKI \u00d6ZEL KES\u0130M - GEN\u00c7L\u0130K COPY<\/title>\n<meta name=\"description\" content=\"F\u0130RMAMIZIN B\u00dcNYES\u0130NDE HER EBAT \u00d6ZEL KES\u0130M ET\u0130KET BASKI DO\u011eUM G\u00dcNLER\u0130 YEN\u0130 YIL\u00a0 VE ANNELER G\u00dcN\u00dc VE T\u00dcM \u00d6ZEL G\u00dcNLER \u0130\u00c7\u0130N\u00a0YUVARLAK - KARE VB. \u0130STEN\u0130LEN \u00d6L\u00c7\u00dcDE \u00d6ZEL KES\u0130ML\u0130 ET\u0130KET BASKI YAPMAKTAYIZ\u00a0\" \/>\n<meta name=\"robots\" content=\"index, follow, max-snippet:-1, max-image-preview:large, max-video-preview:-1\" \/>\n<link rel=\"canonical\" href=\"https:\/\/www.genclikcopy.com\/?page_id=1357\" \/>\n<meta property=\"og:locale\" content=\"tr_TR\" \/>\n<meta property=\"og:type\" content=\"article\" \/>\n<meta property=\"og:title\" content=\"ET\u0130KET BASKI \u00d6ZEL KES\u0130M - GEN\u00c7L\u0130K COPY\" \/>\n<meta property=\"og:description\" content=\"F\u0130RMAMIZIN B\u00dcNYES\u0130NDE HER EBAT \u00d6ZEL KES\u0130M ET\u0130KET BASKI DO\u011eUM G\u00dcNLER\u0130 YEN\u0130 YIL\u00a0 VE ANNELER G\u00dcN\u00dc VE T\u00dcM \u00d6ZEL G\u00dcNLER \u0130\u00c7\u0130N\u00a0YUVARLAK - KARE VB. \u0130STEN\u0130LEN \u00d6L\u00c7\u00dcDE \u00d6ZEL KES\u0130ML\u0130 ET\u0130KET BASKI YAPMAKTAYIZ\u00a0\" \/>\n<meta property=\"og:url\" content=\"https:\/\/www.genclikcopy.com\/?page_id=1357\" \/>\n<meta property=\"og:site_name\" content=\"GEN\u00c7L\u0130K COPY\" \/>\n<meta property=\"article:modified_time\" content=\"2021-12-01T11:23:00+00:00\" \/>\n<meta property=\"og:image\" content=\"https:\/\/www.genclikcopy.com\/wp-content\/uploads\/2021\/12\/05.jpg\" \/>\n\t<meta property=\"og:image:width\" content=\"600\" \/>\n\t<meta property=\"og:image:height\" content=\"600\" \/>\n\t<meta property=\"og:image:type\" content=\"image\/jpeg\" \/>\n<meta name=\"twitter:card\" content=\"summary_large_image\" \/>\n<meta name=\"twitter:label1\" content=\"Tahmini okuma s\u00fcresi\" \/>\n\t<meta name=\"twitter:data1\" content=\"1 dakika\" \/>\n<script type=\"application\/ld+json\" class=\"yoast-schema-graph\">{\"@context\":\"https:\/\/schema.org\",\"@graph\":[{\"@type\":\"WebPage\",\"@id\":\"https:\/\/www.genclikcopy.com\/?page_id=1357\",\"url\":\"https:\/\/www.genclikcopy.com\/?page_id=1357\",\"name\":\"ET\u0130KET BASKI \u00d6ZEL KES\u0130M - GEN\u00c7L\u0130K COPY\",\"isPartOf\":{\"@id\":\"https:\/\/www.genclikcopy.com\/#website\"},\"primaryImageOfPage\":{\"@id\":\"https:\/\/www.genclikcopy.com\/?page_id=1357#primaryimage\"},\"image\":{\"@id\":\"https:\/\/www.genclikcopy.com\/?page_id=1357#primaryimage\"},\"thumbnailUrl\":\"https:\/\/www.genclikcopy.com\/wp-content\/uploads\/2021\/12\/05.jpg\",\"datePublished\":\"2021-12-01T11:08:58+00:00\",\"dateModified\":\"2021-12-01T11:23:00+00:00\",\"description\":\"F\u0130RMAMIZIN B\u00dcNYES\u0130NDE HER EBAT \u00d6ZEL KES\u0130M ET\u0130KET BASKI DO\u011eUM G\u00dcNLER\u0130 YEN\u0130 YIL\u00a0 VE ANNELER G\u00dcN\u00dc VE T\u00dcM \u00d6ZEL G\u00dcNLER \u0130\u00c7\u0130N\u00a0YUVARLAK - KARE VB. \u0130STEN\u0130LEN \u00d6L\u00c7\u00dcDE \u00d6ZEL KES\u0130ML\u0130 ET\u0130KET BASKI YAPMAKTAYIZ\u00a0\",\"breadcrumb\":{\"@id\":\"https:\/\/www.genclikcopy.com\/?page_id=1357#breadcrumb\"},\"inLanguage\":\"tr\",\"potentialAction\":[{\"@type\":\"ReadAction\",\"target\":[\"https:\/\/www.genclikcopy.com\/?page_id=1357\"]}]},{\"@type\":\"ImageObject\",\"inLanguage\":\"tr\",\"@id\":\"https:\/\/www.genclikcopy.com\/?page_id=1357#primaryimage\",\"url\":\"https:\/\/www.genclikcopy.com\/wp-content\/uploads\/2021\/12\/05.jpg\",\"contentUrl\":\"https:\/\/www.genclikcopy.com\/wp-content\/uploads\/2021\/12\/05.jpg\",\"width\":600,\"height\":600},{\"@type\":\"BreadcrumbList\",\"@id\":\"https:\/\/www.genclikcopy.com\/?page_id=1357#breadcrumb\",\"itemListElement\":[{\"@type\":\"ListItem\",\"position\":1,\"name\":\"Anasayfa\",\"item\":\"https:\/\/www.genclikcopy.com\/\"},{\"@type\":\"ListItem\",\"position\":2,\"name\":\"ET\u0130KET BASKI \u00d6ZEL KES\u0130M\"}]},{\"@type\":\"WebSite\",\"@id\":\"https:\/\/www.genclikcopy.com\/#website\",\"url\":\"https:\/\/www.genclikcopy.com\/\",\"name\":\"GEN\u00c7L\u0130K COPY\",\"description\":\"FOTOKOP\u0130 - OZAL\u0130T-LAZER KES\u0130M-KA\u015eE-RENKL\u0130 FOTOKOP\u0130-POSTER BASKI\",\"publisher\":{\"@id\":\"https:\/\/www.genclikcopy.com\/#organization\"},\"potentialAction\":[{\"@type\":\"SearchAction\",\"target\":{\"@type\":\"EntryPoint\",\"urlTemplate\":\"https:\/\/www.genclikcopy.com\/?s={search_term_string}\"},\"query-input\":{\"@type\":\"PropertyValueSpecification\",\"valueRequired\":true,\"valueName\":\"search_term_string\"}}],\"inLanguage\":\"tr\"},{\"@type\":\"Organization\",\"@id\":\"https:\/\/www.genclikcopy.com\/#organization\",\"name\":\"GENCL\u0130KCOPY KOPYALAMA S\u0130STEMLER\u0130\",\"url\":\"https:\/\/www.genclikcopy.com\/\",\"logo\":{\"@type\":\"ImageObject\",\"inLanguage\":\"tr\",\"@id\":\"https:\/\/www.genclikcopy.com\/#\/schema\/logo\/image\/\",\"url\":\"https:\/\/www.genclikcopy.com\/wp-content\/uploads\/2021\/02\/23.jpg\",\"contentUrl\":\"https:\/\/www.genclikcopy.com\/wp-content\/uploads\/2021\/02\/23.jpg\",\"width\":154,\"height\":153,\"caption\":\"GENCL\u0130KCOPY KOPYALAMA S\u0130STEMLER\u0130\"},\"image\":{\"@id\":\"https:\/\/www.genclikcopy.com\/#\/schema\/logo\/image\/\"}}]}<\/script>\n<!-- \/ Yoast SEO plugin. -->","yoast_head_json":{"title":"ET\u0130KET BASKI \u00d6ZEL KES\u0130M - GEN\u00c7L\u0130K COPY","description":"F\u0130RMAMIZIN B\u00dcNYES\u0130NDE HER EBAT \u00d6ZEL KES\u0130M ET\u0130KET BASKI DO\u011eUM G\u00dcNLER\u0130 YEN\u0130 YIL\u00a0 VE ANNELER G\u00dcN\u00dc VE T\u00dcM \u00d6ZEL G\u00dcNLER \u0130\u00c7\u0130N\u00a0YUVARLAK - KARE VB. \u0130STEN\u0130LEN \u00d6L\u00c7\u00dcDE \u00d6ZEL KES\u0130ML\u0130 ET\u0130KET BASKI YAPMAKTAYIZ\u00a0","robots":{"index":"index","follow":"follow","max-snippet":"max-snippet:-1","max-image-preview":"max-image-preview:large","max-video-preview":"max-video-preview:-1"},"canonical":"https:\/\/www.genclikcopy.com\/?page_id=1357","og_locale":"tr_TR","og_type":"article","og_title":"ET\u0130KET BASKI \u00d6ZEL KES\u0130M - GEN\u00c7L\u0130K COPY","og_description":"F\u0130RMAMIZIN B\u00dcNYES\u0130NDE HER EBAT \u00d6ZEL KES\u0130M ET\u0130KET BASKI DO\u011eUM G\u00dcNLER\u0130 YEN\u0130 YIL\u00a0 VE ANNELER G\u00dcN\u00dc VE T\u00dcM \u00d6ZEL G\u00dcNLER \u0130\u00c7\u0130N\u00a0YUVARLAK - KARE VB. \u0130STEN\u0130LEN \u00d6L\u00c7\u00dcDE \u00d6ZEL KES\u0130ML\u0130 ET\u0130KET BASKI YAPMAKTAYIZ\u00a0","og_url":"https:\/\/www.genclikcopy.com\/?page_id=1357","og_site_name":"GEN\u00c7L\u0130K COPY","article_modified_time":"2021-12-01T11:23:00+00:00","og_image":[{"width":600,"height":600,"url":"https:\/\/www.genclikcopy.com\/wp-content\/uploads\/2021\/12\/05.jpg","type":"image\/jpeg"}],"twitter_card":"summary_large_image","twitter_misc":{"Tahmini okuma s\u00fcresi":"1 dakika"},"schema":{"@context":"https:\/\/schema.org","@graph":[{"@type":"WebPage","@id":"https:\/\/www.genclikcopy.com\/?page_id=1357","url":"https:\/\/www.genclikcopy.com\/?page_id=1357","name":"ET\u0130KET BASKI \u00d6ZEL KES\u0130M - GEN\u00c7L\u0130K COPY","isPartOf":{"@id":"https:\/\/www.genclikcopy.com\/#website"},"primaryImageOfPage":{"@id":"https:\/\/www.genclikcopy.com\/?page_id=1357#primaryimage"},"image":{"@id":"https:\/\/www.genclikcopy.com\/?page_id=1357#primaryimage"},"thumbnailUrl":"https:\/\/www.genclikcopy.com\/wp-content\/uploads\/2021\/12\/05.jpg","datePublished":"2021-12-01T11:08:58+00:00","dateModified":"2021-12-01T11:23:00+00:00","description":"F\u0130RMAMIZIN B\u00dcNYES\u0130NDE HER EBAT \u00d6ZEL KES\u0130M ET\u0130KET BASKI DO\u011eUM G\u00dcNLER\u0130 YEN\u0130 YIL\u00a0 VE ANNELER G\u00dcN\u00dc VE T\u00dcM \u00d6ZEL G\u00dcNLER \u0130\u00c7\u0130N\u00a0YUVARLAK - KARE VB. \u0130STEN\u0130LEN \u00d6L\u00c7\u00dcDE \u00d6ZEL KES\u0130ML\u0130 ET\u0130KET BASKI YAPMAKTAYIZ\u00a0","breadcrumb":{"@id":"https:\/\/www.genclikcopy.com\/?page_id=1357#breadcrumb"},"inLanguage":"tr","potentialAction":[{"@type":"ReadAction","target":["https:\/\/www.genclikcopy.com\/?page_id=1357"]}]},{"@type":"ImageObject","inLanguage":"tr","@id":"https:\/\/www.genclikcopy.com\/?page_id=1357#primaryimage","url":"https:\/\/www.genclikcopy.com\/wp-content\/uploads\/2021\/12\/05.jpg","contentUrl":"https:\/\/www.genclikcopy.com\/wp-content\/uploads\/2021\/12\/05.jpg","width":600,"height":600},{"@type":"BreadcrumbList","@id":"https:\/\/www.genclikcopy.com\/?page_id=1357#breadcrumb","itemListElement":[{"@type":"ListItem","position":1,"name":"Anasayfa","item":"https:\/\/www.genclikcopy.com\/"},{"@type":"ListItem","position":2,"name":"ET\u0130KET BASKI \u00d6ZEL KES\u0130M"}]},{"@type":"WebSite","@id":"https:\/\/www.genclikcopy.com\/#website","url":"https:\/\/www.genclikcopy.com\/","name":"GEN\u00c7L\u0130K COPY","description":"FOTOKOP\u0130 - OZAL\u0130T-LAZER KES\u0130M-KA\u015eE-RENKL\u0130 FOTOKOP\u0130-POSTER BASKI","publisher":{"@id":"https:\/\/www.genclikcopy.com\/#organization"},"potentialAction":[{"@type":"SearchAction","target":{"@type":"EntryPoint","urlTemplate":"https:\/\/www.genclikcopy.com\/?s={search_term_string}"},"query-input":{"@type":"PropertyValueSpecification","valueRequired":true,"valueName":"search_term_string"}}],"inLanguage":"tr"},{"@type":"Organization","@id":"https:\/\/www.genclikcopy.com\/#organization","name":"GENCL\u0130KCOPY KOPYALAMA S\u0130STEMLER\u0130","url":"https:\/\/www.genclikcopy.com\/","logo":{"@type":"ImageObject","inLanguage":"tr","@id":"https:\/\/www.genclikcopy.com\/#\/schema\/logo\/image\/","url":"https:\/\/www.genclikcopy.com\/wp-content\/uploads\/2021\/02\/23.jpg","contentUrl":"https:\/\/www.genclikcopy.com\/wp-content\/uploads\/2021\/02\/23.jpg","width":154,"height":153,"caption":"GENCL\u0130KCOPY KOPYALAMA S\u0130STEMLER\u0130"},"image":{"@id":"https:\/\/www.genclikcopy.com\/#\/schema\/logo\/image\/"}}]}},"_links":{"self":[{"href":"https:\/\/www.genclikcopy.com\/index.php?rest_route=\/wp\/v2\/pages\/1357","targetHints":{"allow":["GET"]}}],"collection":[{"href":"https:\/\/www.genclikcopy.com\/index.php?rest_route=\/wp\/v2\/pages"}],"about":[{"href":"https:\/\/www.genclikcopy.com\/index.php?rest_route=\/wp\/v2\/types\/page"}],"author":[{"embeddable":true,"href":"https:\/\/www.genclikcopy.com\/index.php?rest_route=\/wp\/v2\/users\/1"}],"replies":[{"embeddable":true,"href":"https:\/\/www.genclikcopy.com\/index.php?rest_route=%2Fwp%2Fv2%2Fcomments&post=1357"}],"version-history":[{"count":2,"href":"https:\/\/www.genclikcopy.com\/index.php?rest_route=\/wp\/v2\/pages\/1357\/revisions"}],"predecessor-version":[{"id":1370,"href":"https:\/\/www.genclikcopy.com\/index.php?rest_route=\/wp\/v2\/pages\/1357\/revisions\/1370"}],"wp:featuredmedia":[{"embeddable":true,"href":"https:\/\/www.genclikcopy.com\/index.php?rest_route=\/wp\/v2\/media\/1360"}],"wp:attachment":[{"href":"https:\/\/www.genclikcopy.com\/index.php?rest_route=%2Fwp%2Fv2%2Fmedia&parent=1357"}],"curies":[{"name":"wp","href":"https:\/\/api.w.org\/{rel}","templated":true}]}}