{"id":1340,"date":"2021-08-13T21:22:02","date_gmt":"2021-08-13T21:22:02","guid":{"rendered":"https:\/\/www.genclikcopy.com\/?page_id=1340"},"modified":"2021-08-13T21:36:02","modified_gmt":"2021-08-13T21:36:02","slug":"i-u-c-duim-guverte-staj-defteri","status":"publish","type":"page","link":"https:\/\/www.genclikcopy.com\/?page_id=1340","title":{"rendered":"\u0130.\u00dc.C. DEN\u0130Z ULA\u015eTIRMA G\u00dcVERTE STAJ DEFTER\u0130"},"content":{"rendered":"<p>\u0130STANBUL \u00dcN\u0130VERS\u0130TES\u0130-CERRAHPA\u015eA DEN\u0130Z ULA\u015eTIRMA G\u00dcVERTE\u00a0 G\u00dcNCEL STAJ DEFTER\u0130N\u0130\u00a0 \u00a0F\u0130RMAMIZDAN \u0130STER KARGO \u0130LE \u0130STER F\u0130RMAMIZA GELEREK TEM\u0130N EDEB\u0130L\u0130RS\u0130N\u0130Z<\/p>\n<p><img loading=\"lazy\" decoding=\"async\" class=\"alignnone size-medium wp-image-1341\" src=\"https:\/\/www.genclikcopy.com\/wp-content\/uploads\/2021\/08\/WhatsApp-Image-2021-08-14-at-00.13.05-3-224x300.jpeg\" alt=\"\" width=\"224\" height=\"300\" \/><\/p>\n","protected":false},"excerpt":{"rendered":"<p>\u0130STANBUL \u00dcN\u0130VERS\u0130TES\u0130-CERRAHPA\u015eA DEN\u0130Z ULA\u015eTIRMA G\u00dcVERTE\u00a0 G\u00dcNCEL STAJ DEFTER\u0130N\u0130\u00a0 \u00a0F\u0130RMAMIZDAN \u0130STER KARGO \u0130LE \u0130STER F\u0130RMAMIZA GELEREK TEM\u0130N EDEB\u0130L\u0130RS\u0130N\u0130Z<\/p>\n","protected":false},"author":1,"featured_media":1341,"parent":0,"menu_order":0,"comment_status":"closed","ping_status":"closed","template":"","meta":{"_joinchat":[],"footnotes":""},"class_list":["post-1340","page","type-page","status-publish","has-post-thumbnail","hentry"],"yoast_head":"<!-- This site is optimized with the Yoast SEO plugin v24.9 - https:\/\/yoast.com\/wordpress\/plugins\/seo\/ -->\n<title>\u0130.\u00dc.C. DEN\u0130Z ULA\u015eTIRMA G\u00dcVERTE STAJ DEFTER\u0130 - GEN\u00c7L\u0130K COPY<\/title>\n<meta name=\"description\" content=\"\u0130.\u00dc.C DU\u0130M G\u00dcVERTE STAJ DEFTER\u0130\" \/>\n<meta name=\"robots\" content=\"index, follow, max-snippet:-1, max-image-preview:large, max-video-preview:-1\" \/>\n<link rel=\"canonical\" href=\"https:\/\/www.genclikcopy.com\/?page_id=1340\" \/>\n<meta property=\"og:locale\" content=\"tr_TR\" \/>\n<meta property=\"og:type\" content=\"article\" \/>\n<meta property=\"og:title\" content=\"\u0130.\u00dc.C. DEN\u0130Z ULA\u015eTIRMA G\u00dcVERTE STAJ DEFTER\u0130 - GEN\u00c7L\u0130K COPY\" \/>\n<meta property=\"og:description\" content=\"\u0130.\u00dc.C DU\u0130M G\u00dcVERTE STAJ DEFTER\u0130\" \/>\n<meta property=\"og:url\" content=\"https:\/\/www.genclikcopy.com\/?page_id=1340\" \/>\n<meta property=\"og:site_name\" content=\"GEN\u00c7L\u0130K COPY\" \/>\n<meta property=\"article:modified_time\" content=\"2021-08-13T21:36:02+00:00\" \/>\n<meta property=\"og:image\" content=\"https:\/\/www.genclikcopy.com\/wp-content\/uploads\/2021\/08\/WhatsApp-Image-2021-08-14-at-00.13.05-3-e1628890150264.jpeg\" \/>\n\t<meta property=\"og:image:width\" content=\"523\" \/>\n\t<meta property=\"og:image:height\" content=\"700\" \/>\n\t<meta property=\"og:image:type\" content=\"image\/jpeg\" \/>\n<meta name=\"twitter:card\" content=\"summary_large_image\" \/>\n<meta name=\"twitter:label1\" content=\"Tahmini okuma s\u00fcresi\" \/>\n\t<meta name=\"twitter:data1\" content=\"1 dakika\" \/>\n<script type=\"application\/ld+json\" class=\"yoast-schema-graph\">{\"@context\":\"https:\/\/schema.org\",\"@graph\":[{\"@type\":\"WebPage\",\"@id\":\"https:\/\/www.genclikcopy.com\/?page_id=1340\",\"url\":\"https:\/\/www.genclikcopy.com\/?page_id=1340\",\"name\":\"\u0130.\u00dc.C. DEN\u0130Z ULA\u015eTIRMA G\u00dcVERTE STAJ DEFTER\u0130 - GEN\u00c7L\u0130K COPY\",\"isPartOf\":{\"@id\":\"https:\/\/www.genclikcopy.com\/#website\"},\"primaryImageOfPage\":{\"@id\":\"https:\/\/www.genclikcopy.com\/?page_id=1340#primaryimage\"},\"image\":{\"@id\":\"https:\/\/www.genclikcopy.com\/?page_id=1340#primaryimage\"},\"thumbnailUrl\":\"https:\/\/www.genclikcopy.com\/wp-content\/uploads\/2021\/08\/WhatsApp-Image-2021-08-14-at-00.13.05-3-e1628890150264.jpeg\",\"datePublished\":\"2021-08-13T21:22:02+00:00\",\"dateModified\":\"2021-08-13T21:36:02+00:00\",\"description\":\"\u0130.\u00dc.C DU\u0130M G\u00dcVERTE STAJ DEFTER\u0130\",\"breadcrumb\":{\"@id\":\"https:\/\/www.genclikcopy.com\/?page_id=1340#breadcrumb\"},\"inLanguage\":\"tr\",\"potentialAction\":[{\"@type\":\"ReadAction\",\"target\":[\"https:\/\/www.genclikcopy.com\/?page_id=1340\"]}]},{\"@type\":\"ImageObject\",\"inLanguage\":\"tr\",\"@id\":\"https:\/\/www.genclikcopy.com\/?page_id=1340#primaryimage\",\"url\":\"https:\/\/www.genclikcopy.com\/wp-content\/uploads\/2021\/08\/WhatsApp-Image-2021-08-14-at-00.13.05-3-e1628890150264.jpeg\",\"contentUrl\":\"https:\/\/www.genclikcopy.com\/wp-content\/uploads\/2021\/08\/WhatsApp-Image-2021-08-14-at-00.13.05-3-e1628890150264.jpeg\",\"width\":523,\"height\":700},{\"@type\":\"BreadcrumbList\",\"@id\":\"https:\/\/www.genclikcopy.com\/?page_id=1340#breadcrumb\",\"itemListElement\":[{\"@type\":\"ListItem\",\"position\":1,\"name\":\"Anasayfa\",\"item\":\"https:\/\/www.genclikcopy.com\/\"},{\"@type\":\"ListItem\",\"position\":2,\"name\":\"\u0130.\u00dc.C. DEN\u0130Z ULA\u015eTIRMA G\u00dcVERTE STAJ DEFTER\u0130\"}]},{\"@type\":\"WebSite\",\"@id\":\"https:\/\/www.genclikcopy.com\/#website\",\"url\":\"https:\/\/www.genclikcopy.com\/\",\"name\":\"GEN\u00c7L\u0130K COPY\",\"description\":\"FOTOKOP\u0130 - OZAL\u0130T-LAZER KES\u0130M-KA\u015eE-RENKL\u0130 FOTOKOP\u0130-POSTER BASKI\",\"publisher\":{\"@id\":\"https:\/\/www.genclikcopy.com\/#organization\"},\"potentialAction\":[{\"@type\":\"SearchAction\",\"target\":{\"@type\":\"EntryPoint\",\"urlTemplate\":\"https:\/\/www.genclikcopy.com\/?s={search_term_string}\"},\"query-input\":{\"@type\":\"PropertyValueSpecification\",\"valueRequired\":true,\"valueName\":\"search_term_string\"}}],\"inLanguage\":\"tr\"},{\"@type\":\"Organization\",\"@id\":\"https:\/\/www.genclikcopy.com\/#organization\",\"name\":\"GENCL\u0130KCOPY KOPYALAMA S\u0130STEMLER\u0130\",\"url\":\"https:\/\/www.genclikcopy.com\/\",\"logo\":{\"@type\":\"ImageObject\",\"inLanguage\":\"tr\",\"@id\":\"https:\/\/www.genclikcopy.com\/#\/schema\/logo\/image\/\",\"url\":\"https:\/\/www.genclikcopy.com\/wp-content\/uploads\/2021\/02\/23.jpg\",\"contentUrl\":\"https:\/\/www.genclikcopy.com\/wp-content\/uploads\/2021\/02\/23.jpg\",\"width\":154,\"height\":153,\"caption\":\"GENCL\u0130KCOPY KOPYALAMA S\u0130STEMLER\u0130\"},\"image\":{\"@id\":\"https:\/\/www.genclikcopy.com\/#\/schema\/logo\/image\/\"}}]}<\/script>\n<!-- \/ Yoast SEO plugin. -->","yoast_head_json":{"title":"\u0130.\u00dc.C. DEN\u0130Z ULA\u015eTIRMA G\u00dcVERTE STAJ DEFTER\u0130 - GEN\u00c7L\u0130K COPY","description":"\u0130.\u00dc.C DU\u0130M G\u00dcVERTE STAJ DEFTER\u0130","robots":{"index":"index","follow":"follow","max-snippet":"max-snippet:-1","max-image-preview":"max-image-preview:large","max-video-preview":"max-video-preview:-1"},"canonical":"https:\/\/www.genclikcopy.com\/?page_id=1340","og_locale":"tr_TR","og_type":"article","og_title":"\u0130.\u00dc.C. DEN\u0130Z ULA\u015eTIRMA G\u00dcVERTE STAJ DEFTER\u0130 - GEN\u00c7L\u0130K COPY","og_description":"\u0130.\u00dc.C DU\u0130M G\u00dcVERTE STAJ DEFTER\u0130","og_url":"https:\/\/www.genclikcopy.com\/?page_id=1340","og_site_name":"GEN\u00c7L\u0130K COPY","article_modified_time":"2021-08-13T21:36:02+00:00","og_image":[{"width":523,"height":700,"url":"https:\/\/www.genclikcopy.com\/wp-content\/uploads\/2021\/08\/WhatsApp-Image-2021-08-14-at-00.13.05-3-e1628890150264.jpeg","type":"image\/jpeg"}],"twitter_card":"summary_large_image","twitter_misc":{"Tahmini okuma s\u00fcresi":"1 dakika"},"schema":{"@context":"https:\/\/schema.org","@graph":[{"@type":"WebPage","@id":"https:\/\/www.genclikcopy.com\/?page_id=1340","url":"https:\/\/www.genclikcopy.com\/?page_id=1340","name":"\u0130.\u00dc.C. DEN\u0130Z ULA\u015eTIRMA G\u00dcVERTE STAJ DEFTER\u0130 - GEN\u00c7L\u0130K COPY","isPartOf":{"@id":"https:\/\/www.genclikcopy.com\/#website"},"primaryImageOfPage":{"@id":"https:\/\/www.genclikcopy.com\/?page_id=1340#primaryimage"},"image":{"@id":"https:\/\/www.genclikcopy.com\/?page_id=1340#primaryimage"},"thumbnailUrl":"https:\/\/www.genclikcopy.com\/wp-content\/uploads\/2021\/08\/WhatsApp-Image-2021-08-14-at-00.13.05-3-e1628890150264.jpeg","datePublished":"2021-08-13T21:22:02+00:00","dateModified":"2021-08-13T21:36:02+00:00","description":"\u0130.\u00dc.C DU\u0130M G\u00dcVERTE STAJ DEFTER\u0130","breadcrumb":{"@id":"https:\/\/www.genclikcopy.com\/?page_id=1340#breadcrumb"},"inLanguage":"tr","potentialAction":[{"@type":"ReadAction","target":["https:\/\/www.genclikcopy.com\/?page_id=1340"]}]},{"@type":"ImageObject","inLanguage":"tr","@id":"https:\/\/www.genclikcopy.com\/?page_id=1340#primaryimage","url":"https:\/\/www.genclikcopy.com\/wp-content\/uploads\/2021\/08\/WhatsApp-Image-2021-08-14-at-00.13.05-3-e1628890150264.jpeg","contentUrl":"https:\/\/www.genclikcopy.com\/wp-content\/uploads\/2021\/08\/WhatsApp-Image-2021-08-14-at-00.13.05-3-e1628890150264.jpeg","width":523,"height":700},{"@type":"BreadcrumbList","@id":"https:\/\/www.genclikcopy.com\/?page_id=1340#breadcrumb","itemListElement":[{"@type":"ListItem","position":1,"name":"Anasayfa","item":"https:\/\/www.genclikcopy.com\/"},{"@type":"ListItem","position":2,"name":"\u0130.\u00dc.C. DEN\u0130Z ULA\u015eTIRMA G\u00dcVERTE STAJ DEFTER\u0130"}]},{"@type":"WebSite","@id":"https:\/\/www.genclikcopy.com\/#website","url":"https:\/\/www.genclikcopy.com\/","name":"GEN\u00c7L\u0130K COPY","description":"FOTOKOP\u0130 - OZAL\u0130T-LAZER KES\u0130M-KA\u015eE-RENKL\u0130 FOTOKOP\u0130-POSTER BASKI","publisher":{"@id":"https:\/\/www.genclikcopy.com\/#organization"},"potentialAction":[{"@type":"SearchAction","target":{"@type":"EntryPoint","urlTemplate":"https:\/\/www.genclikcopy.com\/?s={search_term_string}"},"query-input":{"@type":"PropertyValueSpecification","valueRequired":true,"valueName":"search_term_string"}}],"inLanguage":"tr"},{"@type":"Organization","@id":"https:\/\/www.genclikcopy.com\/#organization","name":"GENCL\u0130KCOPY KOPYALAMA S\u0130STEMLER\u0130","url":"https:\/\/www.genclikcopy.com\/","logo":{"@type":"ImageObject","inLanguage":"tr","@id":"https:\/\/www.genclikcopy.com\/#\/schema\/logo\/image\/","url":"https:\/\/www.genclikcopy.com\/wp-content\/uploads\/2021\/02\/23.jpg","contentUrl":"https:\/\/www.genclikcopy.com\/wp-content\/uploads\/2021\/02\/23.jpg","width":154,"height":153,"caption":"GENCL\u0130KCOPY KOPYALAMA S\u0130STEMLER\u0130"},"image":{"@id":"https:\/\/www.genclikcopy.com\/#\/schema\/logo\/image\/"}}]}},"_links":{"self":[{"href":"https:\/\/www.genclikcopy.com\/index.php?rest_route=\/wp\/v2\/pages\/1340","targetHints":{"allow":["GET"]}}],"collection":[{"href":"https:\/\/www.genclikcopy.com\/index.php?rest_route=\/wp\/v2\/pages"}],"about":[{"href":"https:\/\/www.genclikcopy.com\/index.php?rest_route=\/wp\/v2\/types\/page"}],"author":[{"embeddable":true,"href":"https:\/\/www.genclikcopy.com\/index.php?rest_route=\/wp\/v2\/users\/1"}],"replies":[{"embeddable":true,"href":"https:\/\/www.genclikcopy.com\/index.php?rest_route=%2Fwp%2Fv2%2Fcomments&post=1340"}],"version-history":[{"count":2,"href":"https:\/\/www.genclikcopy.com\/index.php?rest_route=\/wp\/v2\/pages\/1340\/revisions"}],"predecessor-version":[{"id":1349,"href":"https:\/\/www.genclikcopy.com\/index.php?rest_route=\/wp\/v2\/pages\/1340\/revisions\/1349"}],"wp:featuredmedia":[{"embeddable":true,"href":"https:\/\/www.genclikcopy.com\/index.php?rest_route=\/wp\/v2\/media\/1341"}],"wp:attachment":[{"href":"https:\/\/www.genclikcopy.com\/index.php?rest_route=%2Fwp%2Fv2%2Fmedia&parent=1340"}],"curies":[{"name":"wp","href":"https:\/\/api.w.org\/{rel}","templated":true}]}}