{"id":1018,"date":"2021-05-05T18:54:14","date_gmt":"2021-05-05T18:54:14","guid":{"rendered":"https:\/\/www.genclikcopy.com\/?page_id=1018"},"modified":"2021-05-05T18:57:56","modified_gmt":"2021-05-05T18:57:56","slug":"contact","status":"publish","type":"page","link":"https:\/\/www.genclikcopy.com\/?page_id=1018","title":{"rendered":"CONTACT"},"content":{"rendered":"<p>Phone : 0212 694 07 52<\/p>\n<p>Faks\u00a0 \u00a0 : 0212 421 18 80<\/p>\n<p>e-mail:info@genclikcopy.com<\/p>\n<p>Adress:\u00dcniversite Mah. Mand\u0131ra Sok. No:5 Avc\u0131lar-\u0130STANBUL<\/p>\n\n<div class=\"wpcf7 no-js\" id=\"wpcf7-f1016-o1\" lang=\"tr-TR\" dir=\"ltr\">\n<div class=\"screen-reader-response\"><p role=\"status\" aria-live=\"polite\" aria-atomic=\"true\"><\/p> <ul><\/ul><\/div>\n<form action=\"\/index.php?rest_route=%2Fwp%2Fv2%2Fpages%2F1018#wpcf7-f1016-o1\" method=\"post\" class=\"wpcf7-form init\" aria-label=\"Contact form\" novalidate=\"novalidate\" data-status=\"init\">\n<div style=\"display: none;\">\n<input type=\"hidden\" name=\"_wpcf7\" value=\"1016\" \/>\n<input type=\"hidden\" name=\"_wpcf7_version\" value=\"5.8.1\" \/>\n<input type=\"hidden\" name=\"_wpcf7_locale\" value=\"tr_TR\" \/>\n<input type=\"hidden\" name=\"_wpcf7_unit_tag\" value=\"wpcf7-f1016-o1\" \/>\n<input type=\"hidden\" name=\"_wpcf7_container_post\" value=\"0\" \/>\n<input type=\"hidden\" name=\"_wpcf7_posted_data_hash\" value=\"\" \/>\n<\/div>\n<p><label> Name<br \/>\n<span class=\"wpcf7-form-control-wrap\" data-name=\"your-name\"><input size=\"40\" class=\"wpcf7-form-control wpcf7-text wpcf7-validates-as-required\" aria-required=\"true\" aria-invalid=\"false\" value=\"\" type=\"text\" name=\"your-name\" \/><\/span> <\/label>\n<\/p>\n<p><label> Your E-mail Adress<br \/>\n<span class=\"wpcf7-form-control-wrap\" data-name=\"your-email\"><input size=\"40\" class=\"wpcf7-form-control wpcf7-email wpcf7-validates-as-required wpcf7-text wpcf7-validates-as-email\" aria-required=\"true\" aria-invalid=\"false\" value=\"\" type=\"email\" name=\"your-email\" \/><\/span> <\/label>\n<\/p>\n<p><label> Subject<br \/>\n<span class=\"wpcf7-form-control-wrap\" data-name=\"your-subject\"><input size=\"40\" class=\"wpcf7-form-control wpcf7-text wpcf7-validates-as-required\" aria-required=\"true\" aria-invalid=\"false\" value=\"\" type=\"text\" name=\"your-subject\" \/><\/span> <\/label>\n<\/p>\n<p><label> Your Massage<br \/>\n<span class=\"wpcf7-form-control-wrap\" data-name=\"your-message\"><textarea cols=\"40\" rows=\"10\" class=\"wpcf7-form-control wpcf7-textarea\" aria-invalid=\"false\" name=\"your-message\"><\/textarea><\/span> <\/label>\n<\/p>\n<p><input class=\"wpcf7-form-control wpcf7-submit has-spinner\" type=\"submit\" value=\"Send\" \/><br \/>\n<iframe src=\"https:\/\/www.google.com\/maps\/embed?pb=!1m18!1m12!1m3!1d3011.602809407015!2d28.718125414782733!3d40.99017742848851!2m3!1f0!2f0!3f0!3m2!1i1024!2i768!4f13.1!3m3!1m2!1s0x14caa1aaaeefc90d%3A0x188753e81f6ab62b!2zR0VOw4dMxLBLIENPUFkgVEVaIEPEsExUTEVNRSBMQVpFUiBLQcWeRSBMQVpFUiBLRVPEsE0!5e0!3m2!1str!2str!4v1619271580063!5m2!1str!2str\" width=\"600\" height=\"450\" style=\"border:0;\" allowfullscreen=\"\" loading=\"lazy\"><\/iframe>\n<\/p><p style=\"display: none !important;\" class=\"akismet-fields-container\" data-prefix=\"_wpcf7_ak_\"><label>&#916;<textarea name=\"_wpcf7_ak_hp_textarea\" cols=\"45\" rows=\"8\" maxlength=\"100\"><\/textarea><\/label><input type=\"hidden\" id=\"ak_js_1\" name=\"_wpcf7_ak_js\" value=\"98\"\/><script>document.getElementById( \"ak_js_1\" ).setAttribute( \"value\", ( new Date() ).getTime() );<\/script><\/p><input type='hidden' class='wpcf7-pum' value='{\"closepopup\":false,\"closedelay\":0,\"openpopup\":false,\"openpopup_id\":0}' \/><div class=\"wpcf7-response-output\" aria-hidden=\"true\"><\/div>\n<\/form>\n<\/div>\n\n<p>&nbsp;<\/p>\n<p>&nbsp;<\/p>\n","protected":false},"excerpt":{"rendered":"<p>Phone : 0212 694 07 52 Faks\u00a0 \u00a0 : 0212 421 18 80 e-mail:info@genclikcopy.com Adress:\u00dcniversite Mah. Mand\u0131ra Sok. No:5 Avc\u0131lar-\u0130STANBUL &nbsp; &nbsp;<\/p>\n","protected":false},"author":1,"featured_media":0,"parent":0,"menu_order":0,"comment_status":"closed","ping_status":"closed","template":"","meta":{"_joinchat":[],"footnotes":""},"class_list":["post-1018","page","type-page","status-publish","hentry"],"yoast_head":"<!-- This site is optimized with the Yoast SEO plugin v24.9 - https:\/\/yoast.com\/wordpress\/plugins\/seo\/ -->\n<title>CONTACT - GEN\u00c7L\u0130K COPY<\/title>\n<meta name=\"robots\" content=\"index, follow, max-snippet:-1, max-image-preview:large, max-video-preview:-1\" \/>\n<link rel=\"canonical\" href=\"https:\/\/www.genclikcopy.com\/?page_id=1018\" \/>\n<meta property=\"og:locale\" content=\"tr_TR\" \/>\n<meta property=\"og:type\" content=\"article\" \/>\n<meta property=\"og:title\" content=\"CONTACT - GEN\u00c7L\u0130K COPY\" \/>\n<meta property=\"og:description\" content=\"Phone : 0212 694 07 52 Faks\u00a0 \u00a0 : 0212 421 18 80 e-mail:info@genclikcopy.com Adress:\u00dcniversite Mah. Mand\u0131ra Sok. No:5 Avc\u0131lar-\u0130STANBUL &nbsp; &nbsp;\" \/>\n<meta property=\"og:url\" content=\"https:\/\/www.genclikcopy.com\/?page_id=1018\" \/>\n<meta property=\"og:site_name\" content=\"GEN\u00c7L\u0130K COPY\" \/>\n<meta property=\"article:modified_time\" content=\"2021-05-05T18:57:56+00:00\" \/>\n<meta name=\"twitter:card\" content=\"summary_large_image\" \/>\n<script type=\"application\/ld+json\" class=\"yoast-schema-graph\">{\"@context\":\"https:\/\/schema.org\",\"@graph\":[{\"@type\":\"WebPage\",\"@id\":\"https:\/\/www.genclikcopy.com\/?page_id=1018\",\"url\":\"https:\/\/www.genclikcopy.com\/?page_id=1018\",\"name\":\"CONTACT - GEN\u00c7L\u0130K COPY\",\"isPartOf\":{\"@id\":\"https:\/\/www.genclikcopy.com\/#website\"},\"datePublished\":\"2021-05-05T18:54:14+00:00\",\"dateModified\":\"2021-05-05T18:57:56+00:00\",\"breadcrumb\":{\"@id\":\"https:\/\/www.genclikcopy.com\/?page_id=1018#breadcrumb\"},\"inLanguage\":\"tr\",\"potentialAction\":[{\"@type\":\"ReadAction\",\"target\":[\"https:\/\/www.genclikcopy.com\/?page_id=1018\"]}]},{\"@type\":\"BreadcrumbList\",\"@id\":\"https:\/\/www.genclikcopy.com\/?page_id=1018#breadcrumb\",\"itemListElement\":[{\"@type\":\"ListItem\",\"position\":1,\"name\":\"Anasayfa\",\"item\":\"https:\/\/www.genclikcopy.com\/\"},{\"@type\":\"ListItem\",\"position\":2,\"name\":\"CONTACT\"}]},{\"@type\":\"WebSite\",\"@id\":\"https:\/\/www.genclikcopy.com\/#website\",\"url\":\"https:\/\/www.genclikcopy.com\/\",\"name\":\"GEN\u00c7L\u0130K COPY\",\"description\":\"FOTOKOP\u0130 - OZAL\u0130T-LAZER KES\u0130M-KA\u015eE-RENKL\u0130 FOTOKOP\u0130-POSTER BASKI\",\"publisher\":{\"@id\":\"https:\/\/www.genclikcopy.com\/#organization\"},\"potentialAction\":[{\"@type\":\"SearchAction\",\"target\":{\"@type\":\"EntryPoint\",\"urlTemplate\":\"https:\/\/www.genclikcopy.com\/?s={search_term_string}\"},\"query-input\":{\"@type\":\"PropertyValueSpecification\",\"valueRequired\":true,\"valueName\":\"search_term_string\"}}],\"inLanguage\":\"tr\"},{\"@type\":\"Organization\",\"@id\":\"https:\/\/www.genclikcopy.com\/#organization\",\"name\":\"GENCL\u0130KCOPY KOPYALAMA S\u0130STEMLER\u0130\",\"url\":\"https:\/\/www.genclikcopy.com\/\",\"logo\":{\"@type\":\"ImageObject\",\"inLanguage\":\"tr\",\"@id\":\"https:\/\/www.genclikcopy.com\/#\/schema\/logo\/image\/\",\"url\":\"https:\/\/www.genclikcopy.com\/wp-content\/uploads\/2021\/02\/23.jpg\",\"contentUrl\":\"https:\/\/www.genclikcopy.com\/wp-content\/uploads\/2021\/02\/23.jpg\",\"width\":154,\"height\":153,\"caption\":\"GENCL\u0130KCOPY KOPYALAMA S\u0130STEMLER\u0130\"},\"image\":{\"@id\":\"https:\/\/www.genclikcopy.com\/#\/schema\/logo\/image\/\"}}]}<\/script>\n<!-- \/ Yoast SEO plugin. -->","yoast_head_json":{"title":"CONTACT - GEN\u00c7L\u0130K COPY","robots":{"index":"index","follow":"follow","max-snippet":"max-snippet:-1","max-image-preview":"max-image-preview:large","max-video-preview":"max-video-preview:-1"},"canonical":"https:\/\/www.genclikcopy.com\/?page_id=1018","og_locale":"tr_TR","og_type":"article","og_title":"CONTACT - GEN\u00c7L\u0130K COPY","og_description":"Phone : 0212 694 07 52 Faks\u00a0 \u00a0 : 0212 421 18 80 e-mail:info@genclikcopy.com Adress:\u00dcniversite Mah. Mand\u0131ra Sok. No:5 Avc\u0131lar-\u0130STANBUL &nbsp; &nbsp;","og_url":"https:\/\/www.genclikcopy.com\/?page_id=1018","og_site_name":"GEN\u00c7L\u0130K COPY","article_modified_time":"2021-05-05T18:57:56+00:00","twitter_card":"summary_large_image","schema":{"@context":"https:\/\/schema.org","@graph":[{"@type":"WebPage","@id":"https:\/\/www.genclikcopy.com\/?page_id=1018","url":"https:\/\/www.genclikcopy.com\/?page_id=1018","name":"CONTACT - GEN\u00c7L\u0130K COPY","isPartOf":{"@id":"https:\/\/www.genclikcopy.com\/#website"},"datePublished":"2021-05-05T18:54:14+00:00","dateModified":"2021-05-05T18:57:56+00:00","breadcrumb":{"@id":"https:\/\/www.genclikcopy.com\/?page_id=1018#breadcrumb"},"inLanguage":"tr","potentialAction":[{"@type":"ReadAction","target":["https:\/\/www.genclikcopy.com\/?page_id=1018"]}]},{"@type":"BreadcrumbList","@id":"https:\/\/www.genclikcopy.com\/?page_id=1018#breadcrumb","itemListElement":[{"@type":"ListItem","position":1,"name":"Anasayfa","item":"https:\/\/www.genclikcopy.com\/"},{"@type":"ListItem","position":2,"name":"CONTACT"}]},{"@type":"WebSite","@id":"https:\/\/www.genclikcopy.com\/#website","url":"https:\/\/www.genclikcopy.com\/","name":"GEN\u00c7L\u0130K COPY","description":"FOTOKOP\u0130 - OZAL\u0130T-LAZER KES\u0130M-KA\u015eE-RENKL\u0130 FOTOKOP\u0130-POSTER BASKI","publisher":{"@id":"https:\/\/www.genclikcopy.com\/#organization"},"potentialAction":[{"@type":"SearchAction","target":{"@type":"EntryPoint","urlTemplate":"https:\/\/www.genclikcopy.com\/?s={search_term_string}"},"query-input":{"@type":"PropertyValueSpecification","valueRequired":true,"valueName":"search_term_string"}}],"inLanguage":"tr"},{"@type":"Organization","@id":"https:\/\/www.genclikcopy.com\/#organization","name":"GENCL\u0130KCOPY KOPYALAMA S\u0130STEMLER\u0130","url":"https:\/\/www.genclikcopy.com\/","logo":{"@type":"ImageObject","inLanguage":"tr","@id":"https:\/\/www.genclikcopy.com\/#\/schema\/logo\/image\/","url":"https:\/\/www.genclikcopy.com\/wp-content\/uploads\/2021\/02\/23.jpg","contentUrl":"https:\/\/www.genclikcopy.com\/wp-content\/uploads\/2021\/02\/23.jpg","width":154,"height":153,"caption":"GENCL\u0130KCOPY KOPYALAMA S\u0130STEMLER\u0130"},"image":{"@id":"https:\/\/www.genclikcopy.com\/#\/schema\/logo\/image\/"}}]}},"_links":{"self":[{"href":"https:\/\/www.genclikcopy.com\/index.php?rest_route=\/wp\/v2\/pages\/1018","targetHints":{"allow":["GET"]}}],"collection":[{"href":"https:\/\/www.genclikcopy.com\/index.php?rest_route=\/wp\/v2\/pages"}],"about":[{"href":"https:\/\/www.genclikcopy.com\/index.php?rest_route=\/wp\/v2\/types\/page"}],"author":[{"embeddable":true,"href":"https:\/\/www.genclikcopy.com\/index.php?rest_route=\/wp\/v2\/users\/1"}],"replies":[{"embeddable":true,"href":"https:\/\/www.genclikcopy.com\/index.php?rest_route=%2Fwp%2Fv2%2Fcomments&post=1018"}],"version-history":[{"count":4,"href":"https:\/\/www.genclikcopy.com\/index.php?rest_route=\/wp\/v2\/pages\/1018\/revisions"}],"predecessor-version":[{"id":1025,"href":"https:\/\/www.genclikcopy.com\/index.php?rest_route=\/wp\/v2\/pages\/1018\/revisions\/1025"}],"wp:attachment":[{"href":"https:\/\/www.genclikcopy.com\/index.php?rest_route=%2Fwp%2Fv2%2Fmedia&parent=1018"}],"curies":[{"name":"wp","href":"https:\/\/api.w.org\/{rel}","templated":true}]}}